{"id":2,"date":"2017-01-16T11:55:36","date_gmt":"2017-01-16T11:55:36","guid":{"rendered":"http:\/\/etgtratamiento.com.ar\/blog\/?page_id=2"},"modified":"2017-01-17T01:59:26","modified_gmt":"2017-01-17T01:59:26","slug":"regeneracion-capilar","status":"publish","type":"page","link":"http:\/\/etgtratamiento.com.ar\/blog\/regeneracion-capilar\/","title":{"rendered":"Regeneraci\u00f3n Capilar"},"content":{"rendered":"<p>En los \u00faltimos a\u00f1os, casi todas las terapias destinadas a resolver gran parte de los problemas que nos aquejan, han venido experimentando cambios importantes, generalmente asociados con avances en aparatolog\u00eda y tecnolog\u00eda.<\/p>\n<p>Este es el caso de la Electroterapia, cuyo desarrollo permiti\u00f3 avanzar en el campo de los procesos electrofisiol\u00f3gicos a trav\u00e9s de los cuales se induce la regeneraci\u00f3n de los tejidos blandos y los huesos.<\/p>\n<p>Desde hace varias d\u00e9cadas, este valioso auxiliar de la medicina, ha venido resolviendo en centros m\u00e9dicos de todo el mundo, innumerables problemas de cicatrizaci\u00f3n de heridas, quebraduras, \u00falceras varicosas, escaras, etc.<\/p>\n<p>Ahora, empleando el mismo proceso y con tecnolog\u00eda cada vez m\u00e1s espec\u00edfica y eficiente, le toc\u00f3 el turno al cabello.<\/p>\n<p><strong>ETG<\/strong> (<strong>Electrotricog\u00e9nesis<\/strong>) se basa en los indicados principios de la electroterapia, pero orientados a la regeneraci\u00f3n del fol\u00edculo piloso, logr\u00e1ndose como resultado la detenci\u00f3n de la excesiva ca\u00edda del cabello, y en la mayor\u00eda de los casos, la regeneraci\u00f3n de gran parte del pelo que se ha venido perdiendo.<\/p>\n<p>Las investigaciones cl\u00ednicas aplicadas han demostrado que ETG es especialmente exitoso en el tratamiento de la calvicie com\u00fan hereditaria (alopecia androgen\u00e9tica) que hasta ahora tuvo pron\u00f3stico irreversible.<\/p>\n<p>El tratamiento capilar resulta altamente efectivo en cualquier caso de alopecia, que no se encuentre asociado con patolog\u00edas dermatol\u00f3gicas espec\u00edficas. Es decir, pueden ser tratados con \u00e9xito los problemas capilares provocados, aparte de la calvicie com\u00fan hereditaria (androgen\u00e9tica), las causadas por estr\u00e9s, alopecia areata, post-parto, anemias, des\u00f3rdenes glandulares, etc.<\/p>\n<p>ETG es un tratamiento igualmente exitoso tanto en hombres como en mujeres. <strong>Posee el m\u00e1s alto grado de efectividad terap\u00e9utica: 96.7%<\/strong>.<\/p>\n<p>En materia de regeneraci\u00f3n capilar (recuperaci\u00f3n del cabello), el \u00e9xito acompa\u00f1a en promedio, al 86% de las personas tratadas.<\/p>\n","protected":false},"excerpt":{"rendered":"<p>En los \u00faltimos a\u00f1os, casi todas las terapias destinadas a resolver gran parte de los problemas que nos aquejan, han venido experimentando cambios importantes, generalmente asociados con avances en aparatolog\u00eda y tecnolog\u00eda. Este es el caso de la Electroterapia, cuyo desarrollo permiti\u00f3 avanzar en el campo de los procesos electrofisiol\u00f3gicos a trav\u00e9s de los cuales &#8230; <span class=\"more\"><a class=\"more-link\" href=\"http:\/\/etgtratamiento.com.ar\/blog\/regeneracion-capilar\/\">[Leer m\u00e1s&#8230;]<\/a><\/span><\/p>\n","protected":false},"author":1,"featured_media":29,"parent":0,"menu_order":0,"comment_status":"open","ping_status":"open","template":"","meta":{"footnotes":""},"class_list":{"0":"entry","1":"page","2":"publish","3":"author-admin","4":"post-2","6":"has-post-thumbnail"},"yoast_head":"<!-- This site is optimized with the Yoast SEO plugin v27.4 - https:\/\/yoast.com\/product\/yoast-seo-wordpress\/ -->\n<title>Regeneraci\u00f3n Capilar - ETG Tratamiento. Regeneraci\u00f3n Capilar<\/title>\n<meta name=\"robots\" content=\"index, follow, max-snippet:-1, max-image-preview:large, max-video-preview:-1\" \/>\n<link rel=\"canonical\" href=\"http:\/\/etgtratamiento.com.ar\/blog\/regeneracion-capilar\/\" \/>\n<meta property=\"og:locale\" content=\"es_ES\" \/>\n<meta property=\"og:type\" content=\"article\" \/>\n<meta property=\"og:title\" content=\"Regeneraci\u00f3n Capilar - ETG Tratamiento. Regeneraci\u00f3n Capilar\" \/>\n<meta property=\"og:description\" content=\"En los \u00faltimos a\u00f1os, casi todas las terapias destinadas a resolver gran parte de los problemas que nos aquejan, han venido experimentando cambios importantes, generalmente asociados con avances en aparatolog\u00eda y tecnolog\u00eda. Este es el caso de la Electroterapia, cuyo desarrollo permiti\u00f3 avanzar en el campo de los procesos electrofisiol\u00f3gicos a trav\u00e9s de los cuales ... [Leer m\u00e1s...]\" \/>\n<meta property=\"og:url\" content=\"http:\/\/etgtratamiento.com.ar\/blog\/regeneracion-capilar\/\" \/>\n<meta property=\"og:site_name\" content=\"ETG Tratamiento. Regeneraci\u00f3n Capilar\" \/>\n<meta property=\"article:modified_time\" content=\"2017-01-17T01:59:26+00:00\" \/>\n<meta property=\"og:image\" content=\"http:\/\/etgtratamiento.com.ar\/blog\/wp-content\/uploads\/2013\/11\/f-1.jpg\" \/>\n\t<meta property=\"og:image:width\" content=\"1174\" \/>\n\t<meta property=\"og:image:height\" content=\"509\" \/>\n\t<meta property=\"og:image:type\" content=\"image\/jpeg\" \/>\n<meta name=\"twitter:card\" content=\"summary_large_image\" \/>\n<meta name=\"twitter:label1\" content=\"Tiempo de lectura\" \/>\n\t<meta name=\"twitter:data1\" content=\"2 minutos\" \/>\n<script type=\"application\/ld+json\" class=\"yoast-schema-graph\">{\"@context\":\"https:\\\/\\\/schema.org\",\"@graph\":[{\"@type\":\"WebPage\",\"@id\":\"http:\\\/\\\/etgtratamiento.com.ar\\\/blog\\\/regeneracion-capilar\\\/\",\"url\":\"http:\\\/\\\/etgtratamiento.com.ar\\\/blog\\\/regeneracion-capilar\\\/\",\"name\":\"Regeneraci\u00f3n Capilar - ETG Tratamiento. Regeneraci\u00f3n Capilar\",\"isPartOf\":{\"@id\":\"http:\\\/\\\/etgtratamiento.com.ar\\\/blog\\\/#website\"},\"primaryImageOfPage\":{\"@id\":\"http:\\\/\\\/etgtratamiento.com.ar\\\/blog\\\/regeneracion-capilar\\\/#primaryimage\"},\"image\":{\"@id\":\"http:\\\/\\\/etgtratamiento.com.ar\\\/blog\\\/regeneracion-capilar\\\/#primaryimage\"},\"thumbnailUrl\":\"http:\\\/\\\/etgtratamiento.com.ar\\\/blog\\\/wp-content\\\/uploads\\\/2013\\\/11\\\/f-1.jpg\",\"datePublished\":\"2017-01-16T11:55:36+00:00\",\"dateModified\":\"2017-01-17T01:59:26+00:00\",\"breadcrumb\":{\"@id\":\"http:\\\/\\\/etgtratamiento.com.ar\\\/blog\\\/regeneracion-capilar\\\/#breadcrumb\"},\"inLanguage\":\"es\",\"potentialAction\":[{\"@type\":\"ReadAction\",\"target\":[\"http:\\\/\\\/etgtratamiento.com.ar\\\/blog\\\/regeneracion-capilar\\\/\"]}]},{\"@type\":\"ImageObject\",\"inLanguage\":\"es\",\"@id\":\"http:\\\/\\\/etgtratamiento.com.ar\\\/blog\\\/regeneracion-capilar\\\/#primaryimage\",\"url\":\"http:\\\/\\\/etgtratamiento.com.ar\\\/blog\\\/wp-content\\\/uploads\\\/2013\\\/11\\\/f-1.jpg\",\"contentUrl\":\"http:\\\/\\\/etgtratamiento.com.ar\\\/blog\\\/wp-content\\\/uploads\\\/2013\\\/11\\\/f-1.jpg\",\"width\":1174,\"height\":509},{\"@type\":\"BreadcrumbList\",\"@id\":\"http:\\\/\\\/etgtratamiento.com.ar\\\/blog\\\/regeneracion-capilar\\\/#breadcrumb\",\"itemListElement\":[{\"@type\":\"ListItem\",\"position\":1,\"name\":\"Portada\",\"item\":\"http:\\\/\\\/etgtratamiento.com.ar\\\/blog\\\/\"},{\"@type\":\"ListItem\",\"position\":2,\"name\":\"Regeneraci\u00f3n Capilar\"}]},{\"@type\":\"WebSite\",\"@id\":\"http:\\\/\\\/etgtratamiento.com.ar\\\/blog\\\/#website\",\"url\":\"http:\\\/\\\/etgtratamiento.com.ar\\\/blog\\\/\",\"name\":\"ETG Tratamiento. Regeneraci\u00f3n Capilar\",\"description\":\"\",\"publisher\":{\"@id\":\"http:\\\/\\\/etgtratamiento.com.ar\\\/blog\\\/#organization\"},\"potentialAction\":[{\"@type\":\"SearchAction\",\"target\":{\"@type\":\"EntryPoint\",\"urlTemplate\":\"http:\\\/\\\/etgtratamiento.com.ar\\\/blog\\\/?s={search_term_string}\"},\"query-input\":{\"@type\":\"PropertyValueSpecification\",\"valueRequired\":true,\"valueName\":\"search_term_string\"}}],\"inLanguage\":\"es\"},{\"@type\":\"Organization\",\"@id\":\"http:\\\/\\\/etgtratamiento.com.ar\\\/blog\\\/#organization\",\"name\":\"ETG Tratamiento\",\"url\":\"http:\\\/\\\/etgtratamiento.com.ar\\\/blog\\\/\",\"logo\":{\"@type\":\"ImageObject\",\"inLanguage\":\"es\",\"@id\":\"http:\\\/\\\/etgtratamiento.com.ar\\\/blog\\\/#\\\/schema\\\/logo\\\/image\\\/\",\"url\":\"http:\\\/\\\/etgtratamiento.com.ar\\\/blog\\\/wp-content\\\/uploads\\\/2017\\\/01\\\/isologo.png\",\"contentUrl\":\"http:\\\/\\\/etgtratamiento.com.ar\\\/blog\\\/wp-content\\\/uploads\\\/2017\\\/01\\\/isologo.png\",\"width\":292,\"height\":161,\"caption\":\"ETG Tratamiento\"},\"image\":{\"@id\":\"http:\\\/\\\/etgtratamiento.com.ar\\\/blog\\\/#\\\/schema\\\/logo\\\/image\\\/\"}}]}<\/script>\n<!-- \/ Yoast SEO plugin. -->","yoast_head_json":{"title":"Regeneraci\u00f3n Capilar - ETG Tratamiento. Regeneraci\u00f3n Capilar","robots":{"index":"index","follow":"follow","max-snippet":"max-snippet:-1","max-image-preview":"max-image-preview:large","max-video-preview":"max-video-preview:-1"},"canonical":"http:\/\/etgtratamiento.com.ar\/blog\/regeneracion-capilar\/","og_locale":"es_ES","og_type":"article","og_title":"Regeneraci\u00f3n Capilar - ETG Tratamiento. Regeneraci\u00f3n Capilar","og_description":"En los \u00faltimos a\u00f1os, casi todas las terapias destinadas a resolver gran parte de los problemas que nos aquejan, han venido experimentando cambios importantes, generalmente asociados con avances en aparatolog\u00eda y tecnolog\u00eda. Este es el caso de la Electroterapia, cuyo desarrollo permiti\u00f3 avanzar en el campo de los procesos electrofisiol\u00f3gicos a trav\u00e9s de los cuales ... [Leer m\u00e1s...]","og_url":"http:\/\/etgtratamiento.com.ar\/blog\/regeneracion-capilar\/","og_site_name":"ETG Tratamiento. Regeneraci\u00f3n Capilar","article_modified_time":"2017-01-17T01:59:26+00:00","og_image":[{"width":1174,"height":509,"url":"http:\/\/etgtratamiento.com.ar\/blog\/wp-content\/uploads\/2013\/11\/f-1.jpg","type":"image\/jpeg"}],"twitter_card":"summary_large_image","twitter_misc":{"Tiempo de lectura":"2 minutos"},"schema":{"@context":"https:\/\/schema.org","@graph":[{"@type":"WebPage","@id":"http:\/\/etgtratamiento.com.ar\/blog\/regeneracion-capilar\/","url":"http:\/\/etgtratamiento.com.ar\/blog\/regeneracion-capilar\/","name":"Regeneraci\u00f3n Capilar - ETG Tratamiento. Regeneraci\u00f3n Capilar","isPartOf":{"@id":"http:\/\/etgtratamiento.com.ar\/blog\/#website"},"primaryImageOfPage":{"@id":"http:\/\/etgtratamiento.com.ar\/blog\/regeneracion-capilar\/#primaryimage"},"image":{"@id":"http:\/\/etgtratamiento.com.ar\/blog\/regeneracion-capilar\/#primaryimage"},"thumbnailUrl":"http:\/\/etgtratamiento.com.ar\/blog\/wp-content\/uploads\/2013\/11\/f-1.jpg","datePublished":"2017-01-16T11:55:36+00:00","dateModified":"2017-01-17T01:59:26+00:00","breadcrumb":{"@id":"http:\/\/etgtratamiento.com.ar\/blog\/regeneracion-capilar\/#breadcrumb"},"inLanguage":"es","potentialAction":[{"@type":"ReadAction","target":["http:\/\/etgtratamiento.com.ar\/blog\/regeneracion-capilar\/"]}]},{"@type":"ImageObject","inLanguage":"es","@id":"http:\/\/etgtratamiento.com.ar\/blog\/regeneracion-capilar\/#primaryimage","url":"http:\/\/etgtratamiento.com.ar\/blog\/wp-content\/uploads\/2013\/11\/f-1.jpg","contentUrl":"http:\/\/etgtratamiento.com.ar\/blog\/wp-content\/uploads\/2013\/11\/f-1.jpg","width":1174,"height":509},{"@type":"BreadcrumbList","@id":"http:\/\/etgtratamiento.com.ar\/blog\/regeneracion-capilar\/#breadcrumb","itemListElement":[{"@type":"ListItem","position":1,"name":"Portada","item":"http:\/\/etgtratamiento.com.ar\/blog\/"},{"@type":"ListItem","position":2,"name":"Regeneraci\u00f3n Capilar"}]},{"@type":"WebSite","@id":"http:\/\/etgtratamiento.com.ar\/blog\/#website","url":"http:\/\/etgtratamiento.com.ar\/blog\/","name":"ETG Tratamiento. Regeneraci\u00f3n Capilar","description":"","publisher":{"@id":"http:\/\/etgtratamiento.com.ar\/blog\/#organization"},"potentialAction":[{"@type":"SearchAction","target":{"@type":"EntryPoint","urlTemplate":"http:\/\/etgtratamiento.com.ar\/blog\/?s={search_term_string}"},"query-input":{"@type":"PropertyValueSpecification","valueRequired":true,"valueName":"search_term_string"}}],"inLanguage":"es"},{"@type":"Organization","@id":"http:\/\/etgtratamiento.com.ar\/blog\/#organization","name":"ETG Tratamiento","url":"http:\/\/etgtratamiento.com.ar\/blog\/","logo":{"@type":"ImageObject","inLanguage":"es","@id":"http:\/\/etgtratamiento.com.ar\/blog\/#\/schema\/logo\/image\/","url":"http:\/\/etgtratamiento.com.ar\/blog\/wp-content\/uploads\/2017\/01\/isologo.png","contentUrl":"http:\/\/etgtratamiento.com.ar\/blog\/wp-content\/uploads\/2017\/01\/isologo.png","width":292,"height":161,"caption":"ETG Tratamiento"},"image":{"@id":"http:\/\/etgtratamiento.com.ar\/blog\/#\/schema\/logo\/image\/"}}]}},"_links":{"self":[{"href":"http:\/\/etgtratamiento.com.ar\/blog\/wp-json\/wp\/v2\/pages\/2","targetHints":{"allow":["GET"]}}],"collection":[{"href":"http:\/\/etgtratamiento.com.ar\/blog\/wp-json\/wp\/v2\/pages"}],"about":[{"href":"http:\/\/etgtratamiento.com.ar\/blog\/wp-json\/wp\/v2\/types\/page"}],"author":[{"embeddable":true,"href":"http:\/\/etgtratamiento.com.ar\/blog\/wp-json\/wp\/v2\/users\/1"}],"replies":[{"embeddable":true,"href":"http:\/\/etgtratamiento.com.ar\/blog\/wp-json\/wp\/v2\/comments?post=2"}],"version-history":[{"count":4,"href":"http:\/\/etgtratamiento.com.ar\/blog\/wp-json\/wp\/v2\/pages\/2\/revisions"}],"predecessor-version":[{"id":33,"href":"http:\/\/etgtratamiento.com.ar\/blog\/wp-json\/wp\/v2\/pages\/2\/revisions\/33"}],"wp:featuredmedia":[{"embeddable":true,"href":"http:\/\/etgtratamiento.com.ar\/blog\/wp-json\/wp\/v2\/media\/29"}],"wp:attachment":[{"href":"http:\/\/etgtratamiento.com.ar\/blog\/wp-json\/wp\/v2\/media?parent=2"}],"curies":[{"name":"wp","href":"https:\/\/api.w.org\/{rel}","templated":true}]}}